{"id":46709,"date":"2025-06-12T17:36:19","date_gmt":"2025-06-12T17:36:19","guid":{"rendered":"https:\/\/www.nocesitaliennes.fr\/?page_id=46709"},"modified":"2026-02-26T14:14:15","modified_gmt":"2026-02-26T14:14:15","slug":"offre-demploi","status":"publish","type":"page","link":"https:\/\/www.nocesitaliennes.fr\/fr\/offre-demploi\/","title":{"rendered":"Notre agence recrute !"},"content":{"rendered":"\t\t<div data-elementor-type=\"wp-page\" data-elementor-id=\"46709\" class=\"elementor elementor-46709\" data-elementor-post-type=\"page\">\n\t\t\t\t\t\t<section class=\"elementor-section elementor-top-section elementor-element elementor-element-991d800 elementor-section-boxed elementor-section-height-default elementor-section-height-default sc_fly_static\" data-id=\"991d800\" data-element_type=\"section\" data-e-type=\"section\">\n\t\t\t\t\t\t<div class=\"elementor-container elementor-column-gap-extended\">\n\t\t\t\t\t<div class=\"elementor-column elementor-col-100 elementor-top-column elementor-element elementor-element-135e7a2 sc_content_align_inherit sc_layouts_column_icons_position_left sc_fly_static\" data-id=\"135e7a2\" data-element_type=\"column\" data-e-type=\"column\">\n\t\t\t<div class=\"elementor-widget-wrap elementor-element-populated\">\n\t\t\t\t\t\t<div class=\"elementor-element elementor-element-bf183e4 scheme_light sc_fly_static elementor-widget elementor-widget-trx_sc_promo\" data-id=\"bf183e4\" data-element_type=\"widget\" data-e-type=\"widget\" data-widget_type=\"trx_sc_promo.default\">\n\t\t\t\t<div class=\"elementor-widget-container\">\n\t\t\t\t\t<div  \n\tclass=\"sc_promo scheme_light sc_promo_default sc_promo_size_normal sc_promo_no_image\" ><div class=\"sc_promo_text\" style=\"width: 100%;\" >\n\t\t\t<div class=\"sc_promo_text_inner\"><span class=\"sc_item_subtitle sc_promo_subtitle sc_align_left sc_item_subtitle_above sc_item_title_style_shadow\">planner<\/span><h3 class=\"sc_item_title sc_promo_title sc_align_left sc_item_title_style_shadow\"\n\t\t\t><span class=\"sc_item_title_text\">Wedding Planner Francophone<\/span><\/h3><div class=\"sc_item_descr sc_promo_descr sc_align_left\"><p>Notre agence recherche un( e) wedding Planner francophone en Italie (id\u00e9alement en Toscane) afin de d\u00e9velopper les destinations de la Toscane ou des Pouilles aupr\u00e8s de couples francophones.<\/p>\n<\/div><div\tclass=\"sc_item_button sc_button_wrap sc_align_left sc_item_button sc_item_button_default sc_item_button_size_normal sc_promo_button\"><a href=\"\/wp-content\/uploads\/2025\/06\/Wedding-Planner-NI.pdf\" class=\"sc_button sc_button_default sc_button_size_normal sc_button_icon_left\" target=\"_blank\"><span class=\"sc_button_text\"><span class=\"sc_button_title\">D\u00e9couvrir l'offre<\/span><\/span><\/a><\/div><\/div>\n\t\t<\/div><\/div>\t\t\t\t<\/div>\n\t\t\t\t<\/div>\n\t\t\t\t<div class=\"elementor-element elementor-element-c2d6891 scheme_light sc_fly_static elementor-widget elementor-widget-trx_sc_promo\" data-id=\"c2d6891\" data-element_type=\"widget\" data-e-type=\"widget\" data-widget_type=\"trx_sc_promo.default\">\n\t\t\t\t<div class=\"elementor-widget-container\">\n\t\t\t\t\t<div  \n\tclass=\"sc_promo scheme_light sc_promo_default sc_promo_size_normal sc_promo_no_image\" ><div class=\"sc_promo_text\" style=\"width: 100%;\" >\n\t\t\t<div class=\"sc_promo_text_inner\"><span class=\"sc_item_subtitle sc_promo_subtitle sc_align_left sc_item_subtitle_above sc_item_title_style_shadow\">STAGE<\/span><h3 class=\"sc_item_title sc_promo_title sc_align_left sc_item_title_style_shadow\"\n\t\t\t><span class=\"sc_item_title_text\">Stage assistant (e) de Communication et R\u00e9seaux Sociaux\n<\/span><\/h3><div class=\"sc_item_descr sc_promo_descr sc_align_left\"><p>Notre agence recherche un stagiaire sp\u00e9cialis\u00e9 en communication et r\u00e9seaux sociaux afin d\u2019aider \u00e0 la promotion de nos services et prestations sur l\u2019ensemble de nos canaux de communication.<\/p>\n<\/div><div\tclass=\"sc_item_button sc_button_wrap sc_align_left sc_item_button sc_item_button_default sc_item_button_size_normal sc_promo_button\"><a href=\"\/wp-content\/uploads\/2025\/06\/Stage-assistant-communication-reseaux-sociaux.pdf\" class=\"sc_button sc_button_default sc_button_size_normal sc_button_icon_left\" target=\"_blank\"><span class=\"sc_button_text\"><span class=\"sc_button_title\">D\u00e9couvrir l'offre<\/span><\/span><\/a><\/div><\/div>\n\t\t<\/div><\/div>\t\t\t\t<\/div>\n\t\t\t\t<\/div>\n\t\t\t\t<div class=\"elementor-element elementor-element-0db06ec scheme_light sc_fly_static elementor-widget elementor-widget-trx_sc_promo\" data-id=\"0db06ec\" data-element_type=\"widget\" data-e-type=\"widget\" data-widget_type=\"trx_sc_promo.default\">\n\t\t\t\t<div class=\"elementor-widget-container\">\n\t\t\t\t\t<div  \n\tclass=\"sc_promo color_style_link2 scheme_light sc_promo_default sc_promo_size_normal sc_promo_no_image\" ><div class=\"sc_promo_text\" style=\"width: 100%;\" >\n\t\t\t<div class=\"sc_promo_text_inner\"><span class=\"sc_item_subtitle sc_promo_subtitle sc_align_left sc_item_subtitle_above sc_item_title_style_shadow\">Stage<\/span><h3 class=\"sc_item_title sc_promo_title sc_align_left sc_item_title_style_shadow\"\n\t\t\t><span class=\"sc_item_title_text\">Stage assistant wedding planner\n<\/span><\/h3><div class=\"sc_item_descr sc_promo_descr sc_align_left\"><p>L\u2019univers du mariage vous passionne ? Vous r\u00eavez d\u2019une exp\u00e9rience \u00e0 l\u2019\u00e9tranger ? Vous aimez le challenge et souhaitez avoir une exp\u00e9rience au c\u0153ur d\u2019une start-up en pleine croissance ? Rejoignez une \u00e9quipe jeune, internationale et dynamique pour une exp\u00e9rience immersive au c\u0153ur de la Dolce vita.<\/p>\n<\/div><div\tclass=\"sc_item_button sc_button_wrap sc_align_left sc_item_button sc_item_button_default sc_item_button_size_large sc_promo_button\"><a href=\"\/wp-content\/uploads\/2025\/06\/Stage-assistant-wedding-planner-2.pdf\" class=\"sc_button sc_button_default sc_button_size_large sc_button_icon_left\" target=\"_blank\"><span class=\"sc_button_text\"><span class=\"sc_button_title\">D\u00e9couvrir l'offre<\/span><\/span><\/a><\/div><\/div>\n\t\t<\/div><\/div>\t\t\t\t<\/div>\n\t\t\t\t<\/div>\n\t\t\t\t<div class=\"elementor-element elementor-element-5d63062 scheme_light sc_fly_static elementor-widget elementor-widget-trx_sc_promo\" data-id=\"5d63062\" data-element_type=\"widget\" data-e-type=\"widget\" data-widget_type=\"trx_sc_promo.default\">\n\t\t\t\t<div class=\"elementor-widget-container\">\n\t\t\t\t\t<div  \n\tclass=\"sc_promo color_style_link2 scheme_light sc_promo_default sc_promo_size_normal sc_promo_no_image\" ><div class=\"sc_promo_text\" style=\"width: 100%;\" >\n\t\t\t<div class=\"sc_promo_text_inner\"><span class=\"sc_item_subtitle sc_promo_subtitle sc_align_left sc_item_subtitle_above sc_item_title_style_shadow\">Stage<\/span><h3 class=\"sc_item_title sc_promo_title sc_align_left sc_item_title_style_shadow\"\n\t\t\t><span class=\"sc_item_title_text\">Stage assistant (e) r\u00e9dacteur web et marketing online<\/span><\/h3><div class=\"sc_item_descr sc_promo_descr sc_align_left\"><p>Notre agence recherche un( e) wedding Planner francophone en Italie (id\u00e9alement en Toscane) afin de d\u00e9velopper les destinations de la Toscane ou des Pouilles aupr\u00e8s de couples francophones.<\/p>\n<\/div><div\tclass=\"sc_item_button sc_button_wrap sc_align_left sc_item_button sc_item_button_default sc_item_button_size_large sc_promo_button\"><a href=\"\/wp-content\/uploads\/2025\/06\/Stage-redacteur-web.pdf\" class=\"sc_button sc_button_default sc_button_size_large sc_button_icon_left\" target=\"_blank\"><span class=\"sc_button_text\"><span class=\"sc_button_title\">D\u00e9couvrir l'offre<\/span><\/span><\/a><\/div><\/div>\n\t\t<\/div><\/div>\t\t\t\t<\/div>\n\t\t\t\t<\/div>\n\t\t\t\t\t<\/div>\n\t\t<\/div>\n\t\t\t\t\t<\/div>\n\t\t<\/section>\n\t\t\t\t<section class=\"elementor-section elementor-top-section elementor-element elementor-element-3d5e3c1 elementor-section-boxed elementor-section-height-default elementor-section-height-default sc_fly_static\" data-id=\"3d5e3c1\" data-element_type=\"section\" data-e-type=\"section\">\n\t\t\t\t\t\t<div class=\"elementor-container elementor-column-gap-extended\">\n\t\t\t\t\t<div class=\"elementor-column elementor-col-100 elementor-top-column elementor-element elementor-element-a138277 sc_content_align_inherit sc_layouts_column_icons_position_left sc_fly_static\" data-id=\"a138277\" data-element_type=\"column\" data-e-type=\"column\">\n\t\t\t<div class=\"elementor-widget-wrap elementor-element-populated\">\n\t\t\t\t\t\t<div class=\"elementor-element elementor-element-7182c5a sc_fly_static elementor-widget elementor-widget-trx_sc_button\" data-id=\"7182c5a\" data-element_type=\"widget\" data-e-type=\"widget\" data-widget_type=\"trx_sc_button.default\">\n\t\t\t\t<div class=\"elementor-widget-container\">\n\t\t\t\t\t<div\tclass=\"sc_item_button sc_button_wrap sc_align_center\" ><a href=\"mailto:contact@nocesitaliennes.com\" class=\"sc_button sc_button_default sc_button_size_normal sc_button_icon_left\" ><span class=\"sc_button_text\"><span class=\"sc_button_title\">CANDIDATEZ D\u00c8S MAINTENANT<\/span><\/span><\/a><\/div>\t\t\t\t<\/div>\n\t\t\t\t<\/div>\n\t\t\t\t\t<\/div>\n\t\t<\/div>\n\t\t\t\t\t<\/div>\n\t\t<\/section>\n\t\t\t\t<\/div>\n\t\t","protected":false},"excerpt":{"rendered":"<p>planner Wedding Planner Francophone Notre agence recherche un( e) wedding Planner francophone en Italie (id\u00e9alement en Toscane) afin de d\u00e9velopper les destinations de la Toscane ou des Pouilles aupr\u00e8s de&hellip;<\/p>\n","protected":false},"author":1,"featured_media":0,"parent":0,"menu_order":0,"comment_status":"closed","ping_status":"closed","template":"","meta":{"_acf_changed":false,"footnotes":""},"class_list":["post-46709","page","type-page","status-publish","hentry"],"acf":[],"yoast_head":"<!-- This site is optimized with the Yoast SEO plugin v27.6 - https:\/\/yoast.com\/product\/yoast-seo-wordpress\/ -->\n<title>Notre agence recrute ! | Noces Italiennes<\/title>\n<meta name=\"description\" content=\"Noces Italiennes recrute ! Consultez nos offres d&#039;emploi. Rejoignez une agence passionn\u00e9e par l&#039;organisation de mariages d&#039;exception.\" \/>\n<meta name=\"robots\" content=\"index, follow, max-snippet:-1, max-image-preview:large, max-video-preview:-1\" \/>\n<link rel=\"canonical\" href=\"https:\/\/www.nocesitaliennes.fr\/fr\/offre-demploi\/\" \/>\n<meta property=\"og:locale\" content=\"fr_FR\" \/>\n<meta property=\"og:type\" content=\"article\" \/>\n<meta property=\"og:title\" content=\"Notre agence recrute ! | Noces Italiennes\" \/>\n<meta property=\"og:description\" content=\"Noces Italiennes recrute ! Consultez nos offres d&#039;emploi. Rejoignez une agence passionn\u00e9e par l&#039;organisation de mariages d&#039;exception.\" \/>\n<meta property=\"og:url\" content=\"https:\/\/www.nocesitaliennes.fr\/fr\/offre-demploi\/\" \/>\n<meta property=\"og:site_name\" content=\"Noces Italiennes\" \/>\n<meta property=\"article:modified_time\" content=\"2026-02-26T14:14:15+00:00\" \/>\n<meta name=\"twitter:card\" content=\"summary_large_image\" \/>\n<meta name=\"twitter:label1\" content=\"Dur\u00e9e de lecture estim\u00e9e\" \/>\n\t<meta name=\"twitter:data1\" content=\"1 minute\" \/>\n<script type=\"application\/ld+json\" class=\"yoast-schema-graph\">{\"@context\":\"https:\\\/\\\/schema.org\",\"@graph\":[{\"@type\":\"WebPage\",\"@id\":\"https:\\\/\\\/www.nocesitaliennes.fr\\\/fr\\\/offre-demploi\\\/\",\"url\":\"https:\\\/\\\/www.nocesitaliennes.fr\\\/fr\\\/offre-demploi\\\/\",\"name\":\"Notre agence recrute ! | Noces Italiennes\",\"isPartOf\":{\"@id\":\"https:\\\/\\\/www.nocesitaliennes.fr\\\/fr\\\/#website\"},\"datePublished\":\"2025-06-12T17:36:19+00:00\",\"dateModified\":\"2026-02-26T14:14:15+00:00\",\"description\":\"Noces Italiennes recrute ! Consultez nos offres d'emploi. Rejoignez une agence passionn\u00e9e par l'organisation de mariages d'exception.\",\"breadcrumb\":{\"@id\":\"https:\\\/\\\/www.nocesitaliennes.fr\\\/fr\\\/offre-demploi\\\/#breadcrumb\"},\"inLanguage\":\"fr-FR\",\"potentialAction\":[{\"@type\":\"ReadAction\",\"target\":[\"https:\\\/\\\/www.nocesitaliennes.fr\\\/fr\\\/offre-demploi\\\/\"]}]},{\"@type\":\"BreadcrumbList\",\"@id\":\"https:\\\/\\\/www.nocesitaliennes.fr\\\/fr\\\/offre-demploi\\\/#breadcrumb\",\"itemListElement\":[{\"@type\":\"ListItem\",\"position\":1,\"name\":\"Home\",\"item\":\"https:\\\/\\\/www.nocesitaliennes.fr\\\/fr\\\/\"},{\"@type\":\"ListItem\",\"position\":2,\"name\":\"Notre agence recrute !\"}]},{\"@type\":\"WebSite\",\"@id\":\"https:\\\/\\\/www.nocesitaliennes.fr\\\/fr\\\/#website\",\"url\":\"https:\\\/\\\/www.nocesitaliennes.fr\\\/fr\\\/\",\"name\":\"Noces Italiennes\",\"description\":\"Organisation de mariages en Italie et en Corse\",\"publisher\":{\"@id\":\"https:\\\/\\\/www.nocesitaliennes.fr\\\/fr\\\/#organization\"},\"potentialAction\":[{\"@type\":\"SearchAction\",\"target\":{\"@type\":\"EntryPoint\",\"urlTemplate\":\"https:\\\/\\\/www.nocesitaliennes.fr\\\/fr\\\/?s={search_term_string}\"},\"query-input\":{\"@type\":\"PropertyValueSpecification\",\"valueRequired\":true,\"valueName\":\"search_term_string\"}}],\"inLanguage\":\"fr-FR\"},{\"@type\":\"Organization\",\"@id\":\"https:\\\/\\\/www.nocesitaliennes.fr\\\/fr\\\/#organization\",\"name\":\"Noces Italiennes\",\"url\":\"https:\\\/\\\/www.nocesitaliennes.fr\\\/fr\\\/\",\"logo\":{\"@type\":\"ImageObject\",\"inLanguage\":\"fr-FR\",\"@id\":\"https:\\\/\\\/www.nocesitaliennes.fr\\\/fr\\\/#\\\/schema\\\/logo\\\/image\\\/\",\"url\":\"https:\\\/\\\/www.nocesitaliennes.fr\\\/wp-content\\\/uploads\\\/2023\\\/05\\\/noces_italiennes_logo.svg\",\"contentUrl\":\"https:\\\/\\\/www.nocesitaliennes.fr\\\/wp-content\\\/uploads\\\/2023\\\/05\\\/noces_italiennes_logo.svg\",\"width\":418,\"height\":110,\"caption\":\"Noces Italiennes\"},\"image\":{\"@id\":\"https:\\\/\\\/www.nocesitaliennes.fr\\\/fr\\\/#\\\/schema\\\/logo\\\/image\\\/\"}}]}<\/script>\n<!-- \/ Yoast SEO plugin. -->","yoast_head_json":{"title":"Notre agence recrute ! | Noces Italiennes","description":"Noces Italiennes recrute ! Consultez nos offres d'emploi. Rejoignez une agence passionn\u00e9e par l'organisation de mariages d'exception.","robots":{"index":"index","follow":"follow","max-snippet":"max-snippet:-1","max-image-preview":"max-image-preview:large","max-video-preview":"max-video-preview:-1"},"canonical":"https:\/\/www.nocesitaliennes.fr\/fr\/offre-demploi\/","og_locale":"fr_FR","og_type":"article","og_title":"Notre agence recrute ! | Noces Italiennes","og_description":"Noces Italiennes recrute ! Consultez nos offres d'emploi. Rejoignez une agence passionn\u00e9e par l'organisation de mariages d'exception.","og_url":"https:\/\/www.nocesitaliennes.fr\/fr\/offre-demploi\/","og_site_name":"Noces Italiennes","article_modified_time":"2026-02-26T14:14:15+00:00","twitter_card":"summary_large_image","twitter_misc":{"Dur\u00e9e de lecture estim\u00e9e":"1 minute"},"schema":{"@context":"https:\/\/schema.org","@graph":[{"@type":"WebPage","@id":"https:\/\/www.nocesitaliennes.fr\/fr\/offre-demploi\/","url":"https:\/\/www.nocesitaliennes.fr\/fr\/offre-demploi\/","name":"Notre agence recrute ! | Noces Italiennes","isPartOf":{"@id":"https:\/\/www.nocesitaliennes.fr\/fr\/#website"},"datePublished":"2025-06-12T17:36:19+00:00","dateModified":"2026-02-26T14:14:15+00:00","description":"Noces Italiennes recrute ! Consultez nos offres d'emploi. Rejoignez une agence passionn\u00e9e par l'organisation de mariages d'exception.","breadcrumb":{"@id":"https:\/\/www.nocesitaliennes.fr\/fr\/offre-demploi\/#breadcrumb"},"inLanguage":"fr-FR","potentialAction":[{"@type":"ReadAction","target":["https:\/\/www.nocesitaliennes.fr\/fr\/offre-demploi\/"]}]},{"@type":"BreadcrumbList","@id":"https:\/\/www.nocesitaliennes.fr\/fr\/offre-demploi\/#breadcrumb","itemListElement":[{"@type":"ListItem","position":1,"name":"Home","item":"https:\/\/www.nocesitaliennes.fr\/fr\/"},{"@type":"ListItem","position":2,"name":"Notre agence recrute !"}]},{"@type":"WebSite","@id":"https:\/\/www.nocesitaliennes.fr\/fr\/#website","url":"https:\/\/www.nocesitaliennes.fr\/fr\/","name":"Noces Italiennes","description":"Organisation de mariages en Italie et en Corse","publisher":{"@id":"https:\/\/www.nocesitaliennes.fr\/fr\/#organization"},"potentialAction":[{"@type":"SearchAction","target":{"@type":"EntryPoint","urlTemplate":"https:\/\/www.nocesitaliennes.fr\/fr\/?s={search_term_string}"},"query-input":{"@type":"PropertyValueSpecification","valueRequired":true,"valueName":"search_term_string"}}],"inLanguage":"fr-FR"},{"@type":"Organization","@id":"https:\/\/www.nocesitaliennes.fr\/fr\/#organization","name":"Noces Italiennes","url":"https:\/\/www.nocesitaliennes.fr\/fr\/","logo":{"@type":"ImageObject","inLanguage":"fr-FR","@id":"https:\/\/www.nocesitaliennes.fr\/fr\/#\/schema\/logo\/image\/","url":"https:\/\/www.nocesitaliennes.fr\/wp-content\/uploads\/2023\/05\/noces_italiennes_logo.svg","contentUrl":"https:\/\/www.nocesitaliennes.fr\/wp-content\/uploads\/2023\/05\/noces_italiennes_logo.svg","width":418,"height":110,"caption":"Noces Italiennes"},"image":{"@id":"https:\/\/www.nocesitaliennes.fr\/fr\/#\/schema\/logo\/image\/"}}]}},"_links":{"self":[{"href":"https:\/\/www.nocesitaliennes.fr\/fr\/wp-json\/wp\/v2\/pages\/46709","targetHints":{"allow":["GET"]}}],"collection":[{"href":"https:\/\/www.nocesitaliennes.fr\/fr\/wp-json\/wp\/v2\/pages"}],"about":[{"href":"https:\/\/www.nocesitaliennes.fr\/fr\/wp-json\/wp\/v2\/types\/page"}],"author":[{"embeddable":true,"href":"https:\/\/www.nocesitaliennes.fr\/fr\/wp-json\/wp\/v2\/users\/1"}],"replies":[{"embeddable":true,"href":"https:\/\/www.nocesitaliennes.fr\/fr\/wp-json\/wp\/v2\/comments?post=46709"}],"version-history":[{"count":24,"href":"https:\/\/www.nocesitaliennes.fr\/fr\/wp-json\/wp\/v2\/pages\/46709\/revisions"}],"predecessor-version":[{"id":50469,"href":"https:\/\/www.nocesitaliennes.fr\/fr\/wp-json\/wp\/v2\/pages\/46709\/revisions\/50469"}],"wp:attachment":[{"href":"https:\/\/www.nocesitaliennes.fr\/fr\/wp-json\/wp\/v2\/media?parent=46709"}],"curies":[{"name":"wp","href":"https:\/\/api.w.org\/{rel}","templated":true}]}}