{"id":45414,"date":"2025-05-22T07:29:13","date_gmt":"2025-05-22T07:29:13","guid":{"rendered":"https:\/\/www.nocesitaliennes.fr\/?page_id=45414"},"modified":"2025-07-17T14:36:06","modified_gmt":"2025-07-17T14:36:06","slug":"guide-toscane","status":"publish","type":"page","link":"https:\/\/www.nocesitaliennes.fr\/fr\/guide-toscane\/","title":{"rendered":"T\u00c9L\u00c9CHARGEZ GRATUITEMENT NOTRE GUIDE DE MARIAGE EN TOSCANE"},"content":{"rendered":"\t\t<div data-elementor-type=\"wp-page\" data-elementor-id=\"45414\" class=\"elementor elementor-45414\" data-elementor-post-type=\"page\">\n\t\t\t\t\t\t<section class=\"elementor-section elementor-top-section elementor-element elementor-element-e1d1e8b elementor-section-boxed elementor-section-height-default elementor-section-height-default sc_fly_static\" data-id=\"e1d1e8b\" data-element_type=\"section\" data-e-type=\"section\">\n\t\t\t\t\t\t<div class=\"elementor-container elementor-column-gap-extended\">\n\t\t\t\t\t<div class=\"elementor-column elementor-col-100 elementor-top-column elementor-element elementor-element-4889762 sc_content_align_inherit sc_layouts_column_icons_position_left sc_fly_static\" data-id=\"4889762\" data-element_type=\"column\" data-e-type=\"column\">\n\t\t\t<div class=\"elementor-widget-wrap elementor-element-populated\">\n\t\t\t\t\t\t<div class=\"elementor-element elementor-element-0f3eead sc_fly_static elementor-widget elementor-widget-text-editor\" data-id=\"0f3eead\" data-element_type=\"widget\" data-e-type=\"widget\" data-widget_type=\"text-editor.default\">\n\t\t\t\t<div class=\"elementor-widget-container\">\n\t\t\t\t\t\t\t\t\t<p>D\u00e9couvrez dans ce guide tout ce qu&rsquo;il faut savoir pour organiser un mariage parfait et inoubliable en Toscane.<br \/>Notre \u00e9quipe de wedding planners experts de l\u2019organisation de mariages en Italie vous explique tout !<\/p>\t\t\t\t\t\t\t\t<\/div>\n\t\t\t\t<\/div>\n\t\t\t\t\t<\/div>\n\t\t<\/div>\n\t\t\t\t\t<\/div>\n\t\t<\/section>\n\t\t\t\t<section class=\"elementor-section elementor-top-section elementor-element elementor-element-8f674b3 elementor-section-boxed elementor-section-height-default elementor-section-height-default sc_fly_static\" data-id=\"8f674b3\" data-element_type=\"section\" data-e-type=\"section\">\n\t\t\t\t\t\t<div class=\"elementor-container elementor-column-gap-extended\">\n\t\t\t\t\t<div class=\"elementor-column elementor-col-25 elementor-top-column elementor-element elementor-element-b4f4be8 sc_content_align_inherit sc_layouts_column_icons_position_left sc_fly_static\" data-id=\"b4f4be8\" data-element_type=\"column\" data-e-type=\"column\">\n\t\t\t<div class=\"elementor-widget-wrap\">\n\t\t\t\t\t\t\t<\/div>\n\t\t<\/div>\n\t\t\t\t<div class=\"elementor-column elementor-col-50 elementor-top-column elementor-element elementor-element-d89cf9c sc_content_align_inherit sc_layouts_column_icons_position_left sc_fly_static\" data-id=\"d89cf9c\" data-element_type=\"column\" data-e-type=\"column\">\n\t\t\t<div class=\"elementor-widget-wrap elementor-element-populated\">\n\t\t\t\t\t\t<div class=\"elementor-element elementor-element-bf965ba elementor-view-default sc_fly_static elementor-widget elementor-widget-icon\" data-id=\"bf965ba\" data-element_type=\"widget\" data-e-type=\"widget\" data-widget_type=\"icon.default\">\n\t\t\t\t<div class=\"elementor-widget-container\">\n\t\t\t\t\t\t\t<div class=\"elementor-icon-wrapper\">\n\t\t\t<div class=\"elementor-icon\">\n\t\t\t<svg aria-hidden=\"true\" class=\"e-font-icon-svg e-fas-book-open\" viewBox=\"0 0 576 512\" xmlns=\"http:\/\/www.w3.org\/2000\/svg\"><path d=\"M542.22 32.05c-54.8 3.11-163.72 14.43-230.96 55.59-4.64 2.84-7.27 7.89-7.27 13.17v363.87c0 11.55 12.63 18.85 23.28 13.49 69.18-34.82 169.23-44.32 218.7-46.92 16.89-.89 30.02-14.43 30.02-30.66V62.75c.01-17.71-15.35-31.74-33.77-30.7zM264.73 87.64C197.5 46.48 88.58 35.17 33.78 32.05 15.36 31.01 0 45.04 0 62.75V400.6c0 16.24 13.13 29.78 30.02 30.66 49.49 2.6 149.59 12.11 218.77 46.95 10.62 5.35 23.21-1.94 23.21-13.46V100.63c0-5.29-2.62-10.14-7.27-12.99z\"><\/path><\/svg>\t\t\t<\/div>\n\t\t<\/div>\n\t\t\t\t\t\t<\/div>\n\t\t\t\t<\/div>\n\t\t\t\t<div class=\"elementor-element elementor-element-eb89931 sc_fly_static elementor-widget elementor-widget-spacer\" data-id=\"eb89931\" data-element_type=\"widget\" data-e-type=\"widget\" data-widget_type=\"spacer.default\">\n\t\t\t\t<div class=\"elementor-widget-container\">\n\t\t\t\t\t\t\t<div class=\"elementor-spacer\">\n\t\t\t<div class=\"elementor-spacer-inner\"><\/div>\n\t\t<\/div>\n\t\t\t\t\t\t<\/div>\n\t\t\t\t<\/div>\n\t\t\t\t<div class=\"elementor-element elementor-element-44ae1a2 sc_fly_static elementor-widget elementor-widget-trx_sc_title\" data-id=\"44ae1a2\" data-element_type=\"widget\" data-e-type=\"widget\" data-widget_type=\"trx_sc_title.default\">\n\t\t\t\t<div class=\"elementor-widget-container\">\n\t\t\t\t\t<div\t\tclass=\"sc_title sc_title_default\" ><h5 class=\"sc_item_title sc_title_title sc_align_center sc_item_title_style_default sc_item_title_tag\"\n\t\t\t><span class=\"sc_item_title_text\">Votre adresse de messagerie (obligatoire)\n<\/span><\/h5><\/div>\t\t\t\t<\/div>\n\t\t\t\t<\/div>\n\t\t\t\t<div class=\"elementor-element elementor-element-3825492 sc_height_small sc_fly_static elementor-widget elementor-widget-spacer\" data-id=\"3825492\" data-element_type=\"widget\" data-e-type=\"widget\" data-widget_type=\"spacer.default\">\n\t\t\t\t<div class=\"elementor-widget-container\">\n\t\t\t\t\t\t\t<div class=\"elementor-spacer\">\n\t\t\t<div class=\"elementor-spacer-inner\"><\/div>\n\t\t<\/div>\n\t\t\t\t\t\t<\/div>\n\t\t\t\t<\/div>\n\t\t\t\t<div class=\"elementor-element elementor-element-48353a6 scheme_light_luxury sc_fly_static elementor-widget elementor-widget-shortcode\" data-id=\"48353a6\" data-element_type=\"widget\" data-e-type=\"widget\" data-widget_type=\"shortcode.default\">\n\t\t\t\t<div class=\"elementor-widget-container\">\n\t\t\t\t\t\t\t<div class=\"elementor-shortcode\">\n<div class=\"wpcf7 no-js\" id=\"wpcf7-f46383-o1\" lang=\"fr-FR\" dir=\"ltr\" data-wpcf7-id=\"46383\">\n<div class=\"screen-reader-response\"><p role=\"status\" aria-live=\"polite\" aria-atomic=\"true\"><\/p> <ul><\/ul><\/div>\n<form action=\"\/fr\/wp-json\/wp\/v2\/pages\/45414#wpcf7-f46383-o1\" method=\"post\" class=\"wpcf7-form init wpcf7-acceptance-as-validation\" aria-label=\"Formulaire de contact\" novalidate=\"novalidate\" data-status=\"init\">\n<fieldset class=\"hidden-fields-container\"><input type=\"hidden\" name=\"_wpcf7\" value=\"46383\" \/><input type=\"hidden\" name=\"_wpcf7_version\" value=\"6.1.5\" \/><input type=\"hidden\" name=\"_wpcf7_locale\" value=\"fr_FR\" \/><input type=\"hidden\" name=\"_wpcf7_unit_tag\" value=\"wpcf7-f46383-o1\" \/><input type=\"hidden\" name=\"_wpcf7_container_post\" value=\"0\" \/><input type=\"hidden\" name=\"_wpcf7_posted_data_hash\" value=\"\" \/><input type=\"hidden\" name=\"_wpcf7_recaptcha_response\" value=\"\" \/>\n<\/fieldset>\n<div class=\"form-style-7\">\n\t<div class=\"columns_wrap\">\n\t\t<div class=\"column-2_3\">\n\t\t\t<p><span class=\"style-line icon-email\"><span class=\"wpcf7-form-control-wrap\" data-name=\"your-email\"><input size=\"40\" maxlength=\"400\" class=\"wpcf7-form-control wpcf7-email wpcf7-validates-as-required wpcf7-text wpcf7-validates-as-email\" aria-required=\"true\" aria-invalid=\"false\" placeholder=\"Votre email*\" value=\"\" type=\"email\" name=\"your-email\" \/><\/span><\/span>\n\t\t\t<\/p>\n\t\t<\/div>\n\t\t<div class=\"column-1_3\">\n\t\t\t<p><input class=\"wpcf7-form-control wpcf7-submit has-spinner\" type=\"submit\" value=\"ENVOYER\" \/>\n\t\t\t<\/p>\n\t\t<\/div>\n\t<\/div>\n\t<div class=\"acceptance\">\n\t\t<p><span class=\"wpcf7-form-control-wrap\" data-name=\"acceptance-290\"><span class=\"wpcf7-form-control wpcf7-acceptance\"><span class=\"wpcf7-list-item\"><label><input type=\"checkbox\" name=\"acceptance-290\" value=\"1\" aria-invalid=\"false\" \/><span class=\"wpcf7-list-item-label\">J'accepte que mes donn\u00e9es soient <a href=\"\/fr\/mentions-legales\/\" target=\"_blank\">collect\u00e9es et stock\u00e9es<\/a>.<\/span><\/label><\/span><\/span><\/span>\n\t\t<\/p>\n\t<\/div>\n<\/div><div class=\"wpcf7-response-output\" aria-hidden=\"true\"><\/div>\n<\/form>\n<\/div>\n<\/div>\n\t\t\t\t\t\t<\/div>\n\t\t\t\t<\/div>\n\t\t\t\t<div class=\"elementor-element elementor-element-5b8bef7 sc_fly_static elementor-widget elementor-widget-image\" data-id=\"5b8bef7\" data-element_type=\"widget\" data-e-type=\"widget\" data-widget_type=\"image.default\">\n\t\t\t\t<div class=\"elementor-widget-container\">\n\t\t\t\t\t\t\t\t\t\t\t\t\t\t\t<img fetchpriority=\"high\" decoding=\"async\" width=\"1024\" height=\"791\" src=\"https:\/\/www.nocesitaliennes.fr\/wp-content\/uploads\/2025\/07\/Guide-de-la-Toscane-1024x791.png\" class=\"attachment-large size-large wp-image-49396\" alt=\"Guide de la Toscane - Noces Italiennes. Agence Wedding planner\" srcset=\"https:\/\/www.nocesitaliennes.fr\/wp-content\/uploads\/2025\/07\/Guide-de-la-Toscane-1024x791.png 1024w, https:\/\/www.nocesitaliennes.fr\/wp-content\/uploads\/2025\/07\/Guide-de-la-Toscane-300x232.png 300w, https:\/\/www.nocesitaliennes.fr\/wp-content\/uploads\/2025\/07\/Guide-de-la-Toscane-768x593.png 768w, https:\/\/www.nocesitaliennes.fr\/wp-content\/uploads\/2025\/07\/Guide-de-la-Toscane-1536x1187.png 1536w, https:\/\/www.nocesitaliennes.fr\/wp-content\/uploads\/2025\/07\/Guide-de-la-Toscane-370x286.png 370w, https:\/\/www.nocesitaliennes.fr\/wp-content\/uploads\/2025\/07\/Guide-de-la-Toscane-840x649.png 840w, https:\/\/www.nocesitaliennes.fr\/wp-content\/uploads\/2025\/07\/Guide-de-la-Toscane-410x317.png 410w, https:\/\/www.nocesitaliennes.fr\/wp-content\/uploads\/2025\/07\/Guide-de-la-Toscane.png 2000w\" sizes=\"(max-width: 1024px) 100vw, 1024px\" \/>\t\t\t\t\t\t\t\t\t\t\t\t\t\t\t<\/div>\n\t\t\t\t<\/div>\n\t\t\t\t\t<\/div>\n\t\t<\/div>\n\t\t\t\t<div class=\"elementor-column elementor-col-25 elementor-top-column elementor-element elementor-element-8e83fbf sc_content_align_inherit sc_layouts_column_icons_position_left sc_fly_static\" data-id=\"8e83fbf\" data-element_type=\"column\" data-e-type=\"column\">\n\t\t\t<div class=\"elementor-widget-wrap\">\n\t\t\t\t\t\t\t<\/div>\n\t\t<\/div>\n\t\t\t\t\t<\/div>\n\t\t<\/section>\n\t\t\t\t<\/div>\n\t\t","protected":false},"excerpt":{"rendered":"<p>D\u00e9couvrez dans ce guide tout ce qu&rsquo;il faut savoir pour organiser un mariage parfait et inoubliable en Toscane.Notre \u00e9quipe de wedding planners experts de l\u2019organisation de mariages en Italie vous&hellip;<\/p>\n","protected":false},"author":1,"featured_media":0,"parent":0,"menu_order":0,"comment_status":"closed","ping_status":"closed","template":"","meta":{"_acf_changed":false,"footnotes":""},"class_list":["post-45414","page","type-page","status-publish","hentry"],"acf":[],"yoast_head":"<!-- This site is optimized with the Yoast SEO plugin v27.2 - https:\/\/yoast.com\/product\/yoast-seo-wordpress\/ -->\n<title>GUIDE TOSCANE | Noces Italiennes<\/title>\n<meta name=\"description\" content=\"Vous cherchez \u00e0 vous marier en Italie ? D\u00e9couvrez notre livre blanc d\u00e9di\u00e9 au mariage dans la r\u00e9gion de Toscane en Italie\" \/>\n<meta name=\"robots\" content=\"index, follow, max-snippet:-1, max-image-preview:large, max-video-preview:-1\" \/>\n<link rel=\"canonical\" href=\"https:\/\/www.nocesitaliennes.fr\/fr\/guide-toscane\/\" \/>\n<meta property=\"og:locale\" content=\"fr_FR\" \/>\n<meta property=\"og:type\" content=\"article\" \/>\n<meta property=\"og:title\" content=\"GUIDE TOSCANE | Noces Italiennes\" \/>\n<meta property=\"og:description\" content=\"Vous cherchez \u00e0 vous marier en Italie ? D\u00e9couvrez notre livre blanc d\u00e9di\u00e9 au mariage dans la r\u00e9gion de Toscane en Italie\" \/>\n<meta property=\"og:url\" content=\"https:\/\/www.nocesitaliennes.fr\/fr\/guide-toscane\/\" \/>\n<meta property=\"og:site_name\" content=\"Noces Italiennes\" \/>\n<meta property=\"article:modified_time\" content=\"2025-07-17T14:36:06+00:00\" \/>\n<meta property=\"og:image\" content=\"https:\/\/www.nocesitaliennes.fr\/wp-content\/uploads\/2025\/07\/Guide-de-la-Toscane-1024x791.png\" \/>\n\t<meta property=\"og:image:width\" content=\"1024\" \/>\n\t<meta property=\"og:image:height\" content=\"791\" \/>\n\t<meta property=\"og:image:type\" content=\"image\/png\" \/>\n<meta name=\"twitter:card\" content=\"summary_large_image\" \/>\n<meta name=\"twitter:label1\" content=\"Dur\u00e9e de lecture estim\u00e9e\" \/>\n\t<meta name=\"twitter:data1\" content=\"1 minute\" \/>\n<script type=\"application\/ld+json\" class=\"yoast-schema-graph\">{\"@context\":\"https:\/\/schema.org\",\"@graph\":[{\"@type\":\"WebPage\",\"@id\":\"https:\/\/www.nocesitaliennes.fr\/fr\/guide-toscane\/\",\"url\":\"https:\/\/www.nocesitaliennes.fr\/fr\/guide-toscane\/\",\"name\":\"GUIDE TOSCANE | Noces Italiennes\",\"isPartOf\":{\"@id\":\"https:\/\/www.nocesitaliennes.fr\/fr\/#website\"},\"primaryImageOfPage\":{\"@id\":\"https:\/\/www.nocesitaliennes.fr\/fr\/guide-toscane\/#primaryimage\"},\"image\":{\"@id\":\"https:\/\/www.nocesitaliennes.fr\/fr\/guide-toscane\/#primaryimage\"},\"thumbnailUrl\":\"https:\/\/www.nocesitaliennes.fr\/wp-content\/uploads\/2025\/07\/Guide-de-la-Toscane-1024x791.png\",\"datePublished\":\"2025-05-22T07:29:13+00:00\",\"dateModified\":\"2025-07-17T14:36:06+00:00\",\"description\":\"Vous cherchez \u00e0 vous marier en Italie ? D\u00e9couvrez notre livre blanc d\u00e9di\u00e9 au mariage dans la r\u00e9gion de Toscane en Italie\",\"breadcrumb\":{\"@id\":\"https:\/\/www.nocesitaliennes.fr\/fr\/guide-toscane\/#breadcrumb\"},\"inLanguage\":\"fr-FR\",\"potentialAction\":[{\"@type\":\"ReadAction\",\"target\":[\"https:\/\/www.nocesitaliennes.fr\/fr\/guide-toscane\/\"]}]},{\"@type\":\"ImageObject\",\"inLanguage\":\"fr-FR\",\"@id\":\"https:\/\/www.nocesitaliennes.fr\/fr\/guide-toscane\/#primaryimage\",\"url\":\"https:\/\/www.nocesitaliennes.fr\/wp-content\/uploads\/2025\/07\/Guide-de-la-Toscane-1024x791.png\",\"contentUrl\":\"https:\/\/www.nocesitaliennes.fr\/wp-content\/uploads\/2025\/07\/Guide-de-la-Toscane-1024x791.png\"},{\"@type\":\"BreadcrumbList\",\"@id\":\"https:\/\/www.nocesitaliennes.fr\/fr\/guide-toscane\/#breadcrumb\",\"itemListElement\":[{\"@type\":\"ListItem\",\"position\":1,\"name\":\"Home\",\"item\":\"https:\/\/www.nocesitaliennes.fr\/fr\/\"},{\"@type\":\"ListItem\",\"position\":2,\"name\":\"T\u00c9L\u00c9CHARGEZ GRATUITEMENT NOTRE GUIDE DE MARIAGE EN TOSCANE\"}]},{\"@type\":\"WebSite\",\"@id\":\"https:\/\/www.nocesitaliennes.fr\/fr\/#website\",\"url\":\"https:\/\/www.nocesitaliennes.fr\/fr\/\",\"name\":\"Noces Italiennes\",\"description\":\"Organisation de mariages en Italie et en Corse\",\"publisher\":{\"@id\":\"https:\/\/www.nocesitaliennes.fr\/fr\/#organization\"},\"potentialAction\":[{\"@type\":\"SearchAction\",\"target\":{\"@type\":\"EntryPoint\",\"urlTemplate\":\"https:\/\/www.nocesitaliennes.fr\/fr\/?s={search_term_string}\"},\"query-input\":{\"@type\":\"PropertyValueSpecification\",\"valueRequired\":true,\"valueName\":\"search_term_string\"}}],\"inLanguage\":\"fr-FR\"},{\"@type\":\"Organization\",\"@id\":\"https:\/\/www.nocesitaliennes.fr\/fr\/#organization\",\"name\":\"Noces Italiennes\",\"url\":\"https:\/\/www.nocesitaliennes.fr\/fr\/\",\"logo\":{\"@type\":\"ImageObject\",\"inLanguage\":\"fr-FR\",\"@id\":\"https:\/\/www.nocesitaliennes.fr\/fr\/#\/schema\/logo\/image\/\",\"url\":\"https:\/\/www.nocesitaliennes.fr\/wp-content\/uploads\/2023\/05\/noces_italiennes_logo.svg\",\"contentUrl\":\"https:\/\/www.nocesitaliennes.fr\/wp-content\/uploads\/2023\/05\/noces_italiennes_logo.svg\",\"width\":418,\"height\":110,\"caption\":\"Noces Italiennes\"},\"image\":{\"@id\":\"https:\/\/www.nocesitaliennes.fr\/fr\/#\/schema\/logo\/image\/\"}}]}<\/script>\n<!-- \/ Yoast SEO plugin. -->","yoast_head_json":{"title":"GUIDE TOSCANE | Noces Italiennes","description":"Vous cherchez \u00e0 vous marier en Italie ? D\u00e9couvrez notre livre blanc d\u00e9di\u00e9 au mariage dans la r\u00e9gion de Toscane en Italie","robots":{"index":"index","follow":"follow","max-snippet":"max-snippet:-1","max-image-preview":"max-image-preview:large","max-video-preview":"max-video-preview:-1"},"canonical":"https:\/\/www.nocesitaliennes.fr\/fr\/guide-toscane\/","og_locale":"fr_FR","og_type":"article","og_title":"GUIDE TOSCANE | Noces Italiennes","og_description":"Vous cherchez \u00e0 vous marier en Italie ? D\u00e9couvrez notre livre blanc d\u00e9di\u00e9 au mariage dans la r\u00e9gion de Toscane en Italie","og_url":"https:\/\/www.nocesitaliennes.fr\/fr\/guide-toscane\/","og_site_name":"Noces Italiennes","article_modified_time":"2025-07-17T14:36:06+00:00","og_image":[{"width":1024,"height":791,"url":"https:\/\/www.nocesitaliennes.fr\/wp-content\/uploads\/2025\/07\/Guide-de-la-Toscane-1024x791.png","type":"image\/png"}],"twitter_card":"summary_large_image","twitter_misc":{"Dur\u00e9e de lecture estim\u00e9e":"1 minute"},"schema":{"@context":"https:\/\/schema.org","@graph":[{"@type":"WebPage","@id":"https:\/\/www.nocesitaliennes.fr\/fr\/guide-toscane\/","url":"https:\/\/www.nocesitaliennes.fr\/fr\/guide-toscane\/","name":"GUIDE TOSCANE | Noces Italiennes","isPartOf":{"@id":"https:\/\/www.nocesitaliennes.fr\/fr\/#website"},"primaryImageOfPage":{"@id":"https:\/\/www.nocesitaliennes.fr\/fr\/guide-toscane\/#primaryimage"},"image":{"@id":"https:\/\/www.nocesitaliennes.fr\/fr\/guide-toscane\/#primaryimage"},"thumbnailUrl":"https:\/\/www.nocesitaliennes.fr\/wp-content\/uploads\/2025\/07\/Guide-de-la-Toscane-1024x791.png","datePublished":"2025-05-22T07:29:13+00:00","dateModified":"2025-07-17T14:36:06+00:00","description":"Vous cherchez \u00e0 vous marier en Italie ? D\u00e9couvrez notre livre blanc d\u00e9di\u00e9 au mariage dans la r\u00e9gion de Toscane en Italie","breadcrumb":{"@id":"https:\/\/www.nocesitaliennes.fr\/fr\/guide-toscane\/#breadcrumb"},"inLanguage":"fr-FR","potentialAction":[{"@type":"ReadAction","target":["https:\/\/www.nocesitaliennes.fr\/fr\/guide-toscane\/"]}]},{"@type":"ImageObject","inLanguage":"fr-FR","@id":"https:\/\/www.nocesitaliennes.fr\/fr\/guide-toscane\/#primaryimage","url":"https:\/\/www.nocesitaliennes.fr\/wp-content\/uploads\/2025\/07\/Guide-de-la-Toscane-1024x791.png","contentUrl":"https:\/\/www.nocesitaliennes.fr\/wp-content\/uploads\/2025\/07\/Guide-de-la-Toscane-1024x791.png"},{"@type":"BreadcrumbList","@id":"https:\/\/www.nocesitaliennes.fr\/fr\/guide-toscane\/#breadcrumb","itemListElement":[{"@type":"ListItem","position":1,"name":"Home","item":"https:\/\/www.nocesitaliennes.fr\/fr\/"},{"@type":"ListItem","position":2,"name":"T\u00c9L\u00c9CHARGEZ GRATUITEMENT NOTRE GUIDE DE MARIAGE EN TOSCANE"}]},{"@type":"WebSite","@id":"https:\/\/www.nocesitaliennes.fr\/fr\/#website","url":"https:\/\/www.nocesitaliennes.fr\/fr\/","name":"Noces Italiennes","description":"Organisation de mariages en Italie et en Corse","publisher":{"@id":"https:\/\/www.nocesitaliennes.fr\/fr\/#organization"},"potentialAction":[{"@type":"SearchAction","target":{"@type":"EntryPoint","urlTemplate":"https:\/\/www.nocesitaliennes.fr\/fr\/?s={search_term_string}"},"query-input":{"@type":"PropertyValueSpecification","valueRequired":true,"valueName":"search_term_string"}}],"inLanguage":"fr-FR"},{"@type":"Organization","@id":"https:\/\/www.nocesitaliennes.fr\/fr\/#organization","name":"Noces Italiennes","url":"https:\/\/www.nocesitaliennes.fr\/fr\/","logo":{"@type":"ImageObject","inLanguage":"fr-FR","@id":"https:\/\/www.nocesitaliennes.fr\/fr\/#\/schema\/logo\/image\/","url":"https:\/\/www.nocesitaliennes.fr\/wp-content\/uploads\/2023\/05\/noces_italiennes_logo.svg","contentUrl":"https:\/\/www.nocesitaliennes.fr\/wp-content\/uploads\/2023\/05\/noces_italiennes_logo.svg","width":418,"height":110,"caption":"Noces Italiennes"},"image":{"@id":"https:\/\/www.nocesitaliennes.fr\/fr\/#\/schema\/logo\/image\/"}}]}},"_links":{"self":[{"href":"https:\/\/www.nocesitaliennes.fr\/fr\/wp-json\/wp\/v2\/pages\/45414","targetHints":{"allow":["GET"]}}],"collection":[{"href":"https:\/\/www.nocesitaliennes.fr\/fr\/wp-json\/wp\/v2\/pages"}],"about":[{"href":"https:\/\/www.nocesitaliennes.fr\/fr\/wp-json\/wp\/v2\/types\/page"}],"author":[{"embeddable":true,"href":"https:\/\/www.nocesitaliennes.fr\/fr\/wp-json\/wp\/v2\/users\/1"}],"replies":[{"embeddable":true,"href":"https:\/\/www.nocesitaliennes.fr\/fr\/wp-json\/wp\/v2\/comments?post=45414"}],"version-history":[{"count":26,"href":"https:\/\/www.nocesitaliennes.fr\/fr\/wp-json\/wp\/v2\/pages\/45414\/revisions"}],"predecessor-version":[{"id":49400,"href":"https:\/\/www.nocesitaliennes.fr\/fr\/wp-json\/wp\/v2\/pages\/45414\/revisions\/49400"}],"wp:attachment":[{"href":"https:\/\/www.nocesitaliennes.fr\/fr\/wp-json\/wp\/v2\/media?parent=45414"}],"curies":[{"name":"wp","href":"https:\/\/api.w.org\/{rel}","templated":true}]}}